{"id":11,"date":"2026-01-05T17:31:59","date_gmt":"2026-01-05T22:31:59","guid":{"rendered":"https:\/\/www.shsourcing.pe\/demo\/services\/"},"modified":"2026-01-08T14:36:08","modified_gmt":"2026-01-08T19:36:08","slug":"services","status":"publish","type":"page","link":"http:\/\/www.shsourcing.pe\/demo\/services\/","title":{"rendered":"Services"},"content":{"rendered":"\t\t<div data-elementor-type=\"wp-page\" data-elementor-id=\"11\" class=\"elementor elementor-11\">\n\t\t\t\t<div class=\"elementor-element elementor-element-122e55f e-flex e-con-boxed e-con e-parent\" data-id=\"122e55f\" data-element_type=\"container\" data-e-type=\"container\" data-settings=\"{&quot;background_background&quot;:&quot;classic&quot;}\">\n\t\t\t\t\t<div class=\"e-con-inner\">\n\t\t<div class=\"elementor-element elementor-element-d4f38d4 e-con-full e-flex e-con e-child\" data-id=\"d4f38d4\" data-element_type=\"container\" data-e-type=\"container\">\n\t\t\t\t<div class=\"elementor-element elementor-element-63d7f54 elementor-widget elementor-widget-heading\" data-id=\"63d7f54\" data-element_type=\"widget\" data-e-type=\"widget\" data-widget_type=\"heading.default\">\n\t\t\t\t<div class=\"elementor-widget-container\">\n\t\t\t\t\t<h1 class=\"elementor-heading-title elementor-size-default\">Nuestros servicios<\/h1>\t\t\t\t<\/div>\n\t\t\t\t<\/div>\n\t\t\t\t<\/div>\n\t\t\t\t\t<\/div>\n\t\t\t\t<\/div>\n\t\t<div class=\"elementor-element elementor-element-5042c3a e-flex e-con-boxed e-con e-parent\" data-id=\"5042c3a\" data-element_type=\"container\" data-e-type=\"container\" data-settings=\"{&quot;background_background&quot;:&quot;classic&quot;}\">\n\t\t\t\t\t<div class=\"e-con-inner\">\n\t\t<div class=\"elementor-element elementor-element-eeba45c e-con-full e-flex e-con e-child\" data-id=\"eeba45c\" data-element_type=\"container\" data-e-type=\"container\">\n\t\t<div class=\"elementor-element elementor-element-76f51b9 e-con-full e-flex e-con e-child\" data-id=\"76f51b9\" data-element_type=\"container\" data-e-type=\"container\">\n\t\t<div class=\"elementor-element elementor-element-152a051 e-con-full e-flex e-con e-child\" data-id=\"152a051\" data-element_type=\"container\" data-e-type=\"container\">\n\t\t\t\t<div class=\"elementor-element elementor-element-627be20 elementor-widget elementor-widget-heading\" data-id=\"627be20\" data-element_type=\"widget\" data-e-type=\"widget\" data-widget_type=\"heading.default\">\n\t\t\t\t<div class=\"elementor-widget-container\">\n\t\t\t\t\t<h3 class=\"elementor-heading-title elementor-size-default\">Cadena de suministro<\/h3>\t\t\t\t<\/div>\n\t\t\t\t<\/div>\n\t\t\t\t<div class=\"elementor-element elementor-element-37f5908 elementor-widget elementor-widget-heading\" data-id=\"37f5908\" data-element_type=\"widget\" data-e-type=\"widget\" data-widget_type=\"heading.default\">\n\t\t\t\t<div class=\"elementor-widget-container\">\n\t\t\t\t\t<h2 class=\"elementor-heading-title elementor-size-default\">Soluciones integrales <\/h2>\t\t\t\t<\/div>\n\t\t\t\t<\/div>\n\t\t\t\t<\/div>\n\t\t\t\t<\/div>\n\t\t<div class=\"elementor-element elementor-element-c605f92 e-con-full e-flex e-con e-child\" data-id=\"c605f92\" data-element_type=\"container\" data-e-type=\"container\">\n\t\t<div class=\"elementor-element elementor-element-8d1658f e-con-full e-flex e-con e-child\" data-id=\"8d1658f\" data-element_type=\"container\" data-e-type=\"container\">\n\t\t\t\t<div class=\"elementor-element elementor-element-09c03a8 elementor-position-top elementor-widget elementor-widget-image-box\" data-id=\"09c03a8\" data-element_type=\"widget\" data-e-type=\"widget\" data-widget_type=\"image-box.default\">\n\t\t\t\t<div class=\"elementor-widget-container\">\n\t\t\t\t\t<div class=\"elementor-image-box-wrapper\"><figure class=\"elementor-image-box-img\"><img fetchpriority=\"high\" decoding=\"async\" width=\"1080\" height=\"720\" src=\"http:\/\/www.shsourcing.pe\/demo\/wp-content\/uploads\/2026\/01\/Mayo-SH-SOURCING-28.jpg\" class=\"attachment-full size-full wp-image-1605\" alt=\"mayo sh sourcing 28\" title=\"Services\" srcset=\"http:\/\/www.shsourcing.pe\/demo\/wp-content\/uploads\/2026\/01\/Mayo-SH-SOURCING-28.jpg 1080w, http:\/\/www.shsourcing.pe\/demo\/wp-content\/uploads\/2026\/01\/Mayo-SH-SOURCING-28-300x200.jpg 300w, http:\/\/www.shsourcing.pe\/demo\/wp-content\/uploads\/2026\/01\/Mayo-SH-SOURCING-28-1024x683.jpg 1024w, http:\/\/www.shsourcing.pe\/demo\/wp-content\/uploads\/2026\/01\/Mayo-SH-SOURCING-28-768x512.jpg 768w\" sizes=\"(max-width: 1080px) 100vw, 1080px\" \/><\/figure><div class=\"elementor-image-box-content\"><h3 class=\"elementor-image-box-title\">Selecci\u00f3n de materiales <\/h3><p class=\"elementor-image-box-description\">Trabajamos con Algod\u00f3n Pima, Tang\u00fcis, Viscosa y mezclas (Melange, Flam\u00e9). T\u00edtulos desde 10\/1 hasta 80\/2. Variedad en Jersey, Piqu\u00e9, Interlock, Gofre y Franelas con o sin elastano.<\/p><\/div><\/div>\t\t\t\t<\/div>\n\t\t\t\t<\/div>\n\t\t\t\t<\/div>\n\t\t<div class=\"elementor-element elementor-element-f269c91 e-con-full e-flex e-con e-child\" data-id=\"f269c91\" data-element_type=\"container\" data-e-type=\"container\">\n\t\t\t\t<div class=\"elementor-element elementor-element-fd51ce8 elementor-position-top elementor-widget elementor-widget-image-box\" data-id=\"fd51ce8\" data-element_type=\"widget\" data-e-type=\"widget\" data-widget_type=\"image-box.default\">\n\t\t\t\t<div class=\"elementor-widget-container\">\n\t\t\t\t\t<div class=\"elementor-image-box-wrapper\"><figure class=\"elementor-image-box-img\"><img decoding=\"async\" width=\"1080\" height=\"720\" src=\"http:\/\/www.shsourcing.pe\/demo\/wp-content\/uploads\/2026\/01\/Mayo-SH-SOURCING-29.jpg\" class=\"attachment-full size-full wp-image-1606\" alt=\"mayo sh sourcing 29\" title=\"Services\" srcset=\"http:\/\/www.shsourcing.pe\/demo\/wp-content\/uploads\/2026\/01\/Mayo-SH-SOURCING-29.jpg 1080w, http:\/\/www.shsourcing.pe\/demo\/wp-content\/uploads\/2026\/01\/Mayo-SH-SOURCING-29-300x200.jpg 300w, http:\/\/www.shsourcing.pe\/demo\/wp-content\/uploads\/2026\/01\/Mayo-SH-SOURCING-29-1024x683.jpg 1024w, http:\/\/www.shsourcing.pe\/demo\/wp-content\/uploads\/2026\/01\/Mayo-SH-SOURCING-29-768x512.jpg 768w\" sizes=\"(max-width: 1080px) 100vw, 1080px\" \/><\/figure><div class=\"elementor-image-box-content\"><h3 class=\"elementor-image-box-title\">Tejido plano<\/h3><p class=\"elementor-image-box-description\">Manejamos Poplin, Bull Denim, Twill, Seda y Cupro. Desarrollamos desde camiser\u00eda fina hasta prendas estructuradas como casacas y pantalones.<\/p><\/div><\/div>\t\t\t\t<\/div>\n\t\t\t\t<\/div>\n\t\t\t\t<\/div>\n\t\t<div class=\"elementor-element elementor-element-46e717b e-con-full e-flex e-con e-child\" data-id=\"46e717b\" data-element_type=\"container\" data-e-type=\"container\">\n\t\t\t\t<div class=\"elementor-element elementor-element-6b51ea1 elementor-position-top elementor-widget elementor-widget-image-box\" data-id=\"6b51ea1\" data-element_type=\"widget\" data-e-type=\"widget\" data-widget_type=\"image-box.default\">\n\t\t\t\t<div class=\"elementor-widget-container\">\n\t\t\t\t\t<div class=\"elementor-image-box-wrapper\"><figure class=\"elementor-image-box-img\"><img decoding=\"async\" width=\"1080\" height=\"720\" src=\"http:\/\/www.shsourcing.pe\/demo\/wp-content\/uploads\/2026\/01\/Mayo-SH-SOURCING-33.jpg\" class=\"attachment-full size-full wp-image-1612\" alt=\"mayo sh sourcing 33\" title=\"Services\" srcset=\"http:\/\/www.shsourcing.pe\/demo\/wp-content\/uploads\/2026\/01\/Mayo-SH-SOURCING-33.jpg 1080w, http:\/\/www.shsourcing.pe\/demo\/wp-content\/uploads\/2026\/01\/Mayo-SH-SOURCING-33-300x200.jpg 300w, http:\/\/www.shsourcing.pe\/demo\/wp-content\/uploads\/2026\/01\/Mayo-SH-SOURCING-33-1024x683.jpg 1024w, http:\/\/www.shsourcing.pe\/demo\/wp-content\/uploads\/2026\/01\/Mayo-SH-SOURCING-33-768x512.jpg 768w\" sizes=\"(max-width: 1080px) 100vw, 1080px\" \/><\/figure><div class=\"elementor-image-box-content\"><h3 class=\"elementor-image-box-title\">Tintorer\u00eda y efectos especiales<\/h3><p class=\"elementor-image-box-description\">Acabados diferenciados para valor agregado: Heavy Pigment, Bloom Dye, Sublime Dye y lavados con enzimas\/silicona. Trabajamos lotes m\u00ednimos flexibles (desde 80 kg) y te\u00f1ido en prenda.<\/p><\/div><\/div>\t\t\t\t<\/div>\n\t\t\t\t<\/div>\n\t\t\t\t<\/div>\n\t\t\t\t<\/div>\n\t\t<div class=\"elementor-element elementor-element-6d29d9d e-con-full e-flex e-con e-child\" data-id=\"6d29d9d\" data-element_type=\"container\" data-e-type=\"container\">\n\t\t<div class=\"elementor-element elementor-element-282d442 e-con-full e-flex e-con e-child\" data-id=\"282d442\" data-element_type=\"container\" data-e-type=\"container\">\n\t\t\t\t<div class=\"elementor-element elementor-element-19e604b elementor-position-top elementor-widget elementor-widget-image-box\" data-id=\"19e604b\" data-element_type=\"widget\" data-e-type=\"widget\" data-widget_type=\"image-box.default\">\n\t\t\t\t<div class=\"elementor-widget-container\">\n\t\t\t\t\t<div class=\"elementor-image-box-wrapper\"><figure class=\"elementor-image-box-img\"><img loading=\"lazy\" decoding=\"async\" width=\"1080\" height=\"720\" src=\"http:\/\/www.shsourcing.pe\/demo\/wp-content\/uploads\/2026\/01\/Mayo-SH-SOURCING-46.jpg\" class=\"attachment-full size-full wp-image-1609\" alt=\"mayo sh sourcing 46\" title=\"Services\" srcset=\"http:\/\/www.shsourcing.pe\/demo\/wp-content\/uploads\/2026\/01\/Mayo-SH-SOURCING-46.jpg 1080w, http:\/\/www.shsourcing.pe\/demo\/wp-content\/uploads\/2026\/01\/Mayo-SH-SOURCING-46-300x200.jpg 300w, http:\/\/www.shsourcing.pe\/demo\/wp-content\/uploads\/2026\/01\/Mayo-SH-SOURCING-46-1024x683.jpg 1024w, http:\/\/www.shsourcing.pe\/demo\/wp-content\/uploads\/2026\/01\/Mayo-SH-SOURCING-46-768x512.jpg 768w\" sizes=\"(max-width: 1080px) 100vw, 1080px\" \/><\/figure><div class=\"elementor-image-box-content\"><h3 class=\"elementor-image-box-title\">Artes y aplicaciones<\/h3><p class=\"elementor-image-box-description\">Todo in-house. Serigraf\u00eda (Discharge, Foil, Plastisol), estampado digital full color y bordado computarizado. Especialistas en aplicaciones manuales y pedrer\u00eda para acabados boutique.<\/p><\/div><\/div>\t\t\t\t<\/div>\n\t\t\t\t<\/div>\n\t\t\t\t<\/div>\n\t\t<div class=\"elementor-element elementor-element-343963c e-con-full e-flex e-con e-child\" data-id=\"343963c\" data-element_type=\"container\" data-e-type=\"container\">\n\t\t\t\t<div class=\"elementor-element elementor-element-08813da elementor-position-top elementor-widget elementor-widget-image-box\" data-id=\"08813da\" data-element_type=\"widget\" data-e-type=\"widget\" data-widget_type=\"image-box.default\">\n\t\t\t\t<div class=\"elementor-widget-container\">\n\t\t\t\t\t<div class=\"elementor-image-box-wrapper\"><figure class=\"elementor-image-box-img\"><img loading=\"lazy\" decoding=\"async\" width=\"1080\" height=\"720\" src=\"http:\/\/www.shsourcing.pe\/demo\/wp-content\/uploads\/2026\/01\/Mayo-SH-SOURCING-40.jpg\" class=\"attachment-full size-full wp-image-1610\" alt=\"mayo sh sourcing 40\" title=\"Services\" srcset=\"http:\/\/www.shsourcing.pe\/demo\/wp-content\/uploads\/2026\/01\/Mayo-SH-SOURCING-40.jpg 1080w, http:\/\/www.shsourcing.pe\/demo\/wp-content\/uploads\/2026\/01\/Mayo-SH-SOURCING-40-300x200.jpg 300w, http:\/\/www.shsourcing.pe\/demo\/wp-content\/uploads\/2026\/01\/Mayo-SH-SOURCING-40-1024x683.jpg 1024w, http:\/\/www.shsourcing.pe\/demo\/wp-content\/uploads\/2026\/01\/Mayo-SH-SOURCING-40-768x512.jpg 768w\" sizes=\"(max-width: 1080px) 100vw, 1080px\" \/><\/figure><div class=\"elementor-image-box-content\"><h3 class=\"elementor-image-box-title\">Fibras de lujo y pieles<\/h3><p class=\"elementor-image-box-description\">Manufactura de alta gama en Alpaca (100%, Suri, Baby Alpaca) y Cuero\/Ecocuero. Terminados a mano para colecciones que requieren un tacto exclusivo y artesanal.<\/p><\/div><\/div>\t\t\t\t<\/div>\n\t\t\t\t<\/div>\n\t\t\t\t<\/div>\n\t\t<div class=\"elementor-element elementor-element-0f33f9c e-con-full e-flex e-con e-child\" data-id=\"0f33f9c\" data-element_type=\"container\" data-e-type=\"container\">\n\t\t\t\t<div class=\"elementor-element elementor-element-61d90dc elementor-position-top elementor-widget elementor-widget-image-box\" data-id=\"61d90dc\" data-element_type=\"widget\" data-e-type=\"widget\" data-widget_type=\"image-box.default\">\n\t\t\t\t<div class=\"elementor-widget-container\">\n\t\t\t\t\t<div class=\"elementor-image-box-wrapper\"><figure class=\"elementor-image-box-img\"><img loading=\"lazy\" decoding=\"async\" width=\"1080\" height=\"720\" src=\"http:\/\/www.shsourcing.pe\/demo\/wp-content\/uploads\/2026\/01\/Mayo-SH-SOURCING.jpg\" class=\"attachment-full size-full wp-image-1611\" alt=\"mayo sh sourcing\" title=\"Services\" srcset=\"http:\/\/www.shsourcing.pe\/demo\/wp-content\/uploads\/2026\/01\/Mayo-SH-SOURCING.jpg 1080w, http:\/\/www.shsourcing.pe\/demo\/wp-content\/uploads\/2026\/01\/Mayo-SH-SOURCING-300x200.jpg 300w, http:\/\/www.shsourcing.pe\/demo\/wp-content\/uploads\/2026\/01\/Mayo-SH-SOURCING-1024x683.jpg 1024w, http:\/\/www.shsourcing.pe\/demo\/wp-content\/uploads\/2026\/01\/Mayo-SH-SOURCING-768x512.jpg 768w\" sizes=\"(max-width: 1080px) 100vw, 1080px\" \/><\/figure><div class=\"elementor-image-box-content\"><h3 class=\"elementor-image-box-title\">Manufactura <\/h3><p class=\"elementor-image-box-description\">Desde el patronaje hasta el embolsado. Nuestro equipo asegura el fit perfecto y costuras de exportaci\u00f3n. Atendemos tanto marcas emergentes como grandes vol\u00famenes con la misma precisi\u00f3n.<\/p><\/div><\/div>\t\t\t\t<\/div>\n\t\t\t\t<\/div>\n\t\t\t\t<\/div>\n\t\t\t\t<\/div>\n\t\t\t\t<\/div>\n\t\t\t\t\t<\/div>\n\t\t\t\t<\/div>\n\t\t\t\t<\/div>\n\t\t","protected":false},"excerpt":{"rendered":"<p>Nuestros servicios Cadena de suministro Soluciones integrales Selecci\u00f3n de materiales Trabajamos con Algod\u00f3n Pima, Tang\u00fcis, Viscosa y mezclas (Melange, Flam\u00e9). T\u00edtulos desde 10\/1 hasta 80\/2. Variedad en Jersey, Piqu\u00e9, Interlock, Gofre y Franelas con o sin elastano. Tejido plano Manejamos Poplin, Bull Denim, Twill, Seda y Cupro. Desarrollamos desde camiser\u00eda fina hasta prendas estructuradas como [&hellip;]<\/p>\n","protected":false},"author":1,"featured_media":0,"parent":0,"menu_order":0,"comment_status":"closed","ping_status":"closed","template":"","meta":{"site-sidebar-layout":"no-sidebar","site-content-layout":"page-builder","ast-site-content-layout":"full-width-container","site-content-style":"unboxed","site-sidebar-style":"unboxed","ast-global-header-display":"","ast-banner-title-visibility":"","ast-main-header-display":"","ast-hfb-above-header-display":"","ast-hfb-below-header-display":"","ast-hfb-mobile-header-display":"","site-post-title":"disabled","ast-breadcrumbs-content":"disabled","ast-featured-img":"disabled","footer-sml-layout":"","ast-disable-related-posts":"","theme-transparent-header-meta":"enabled","adv-header-id-meta":"","stick-header-meta":"","header-above-stick-meta":"","header-main-stick-meta":"","header-below-stick-meta":"","astra-migrate-meta-layouts":"set","ast-page-background-enabled":"default","ast-page-background-meta":{"desktop":{"background-color":"var(--ast-global-color-4)","background-image":"","background-repeat":"repeat","background-position":"center center","background-size":"auto","background-attachment":"scroll","background-type":"","background-media":"","overlay-type":"","overlay-color":"","overlay-opacity":"","overlay-gradient":""},"tablet":{"background-color":"","background-image":"","background-repeat":"repeat","background-position":"center center","background-size":"auto","background-attachment":"scroll","background-type":"","background-media":"","overlay-type":"","overlay-color":"","overlay-opacity":"","overlay-gradient":""},"mobile":{"background-color":"","background-image":"","background-repeat":"repeat","background-position":"center center","background-size":"auto","background-attachment":"scroll","background-type":"","background-media":"","overlay-type":"","overlay-color":"","overlay-opacity":"","overlay-gradient":""}},"ast-content-background-meta":{"desktop":{"background-color":"var(--ast-global-color-5)","background-image":"","background-repeat":"repeat","background-position":"center center","background-size":"auto","background-attachment":"scroll","background-type":"","background-media":"","overlay-type":"","overlay-color":"","overlay-opacity":"","overlay-gradient":""},"tablet":{"background-color":"var(--ast-global-color-5)","background-image":"","background-repeat":"repeat","background-position":"center center","background-size":"auto","background-attachment":"scroll","background-type":"","background-media":"","overlay-type":"","overlay-color":"","overlay-opacity":"","overlay-gradient":""},"mobile":{"background-color":"var(--ast-global-color-5)","background-image":"","background-repeat":"repeat","background-position":"center center","background-size":"auto","background-attachment":"scroll","background-type":"","background-media":"","overlay-type":"","overlay-color":"","overlay-opacity":"","overlay-gradient":""}},"footnotes":""},"class_list":["post-11","page","type-page","status-publish","hentry"],"_links":{"self":[{"href":"http:\/\/www.shsourcing.pe\/demo\/wp-json\/wp\/v2\/pages\/11","targetHints":{"allow":["GET"]}}],"collection":[{"href":"http:\/\/www.shsourcing.pe\/demo\/wp-json\/wp\/v2\/pages"}],"about":[{"href":"http:\/\/www.shsourcing.pe\/demo\/wp-json\/wp\/v2\/types\/page"}],"author":[{"embeddable":true,"href":"http:\/\/www.shsourcing.pe\/demo\/wp-json\/wp\/v2\/users\/1"}],"replies":[{"embeddable":true,"href":"http:\/\/www.shsourcing.pe\/demo\/wp-json\/wp\/v2\/comments?post=11"}],"version-history":[{"count":19,"href":"http:\/\/www.shsourcing.pe\/demo\/wp-json\/wp\/v2\/pages\/11\/revisions"}],"predecessor-version":[{"id":1662,"href":"http:\/\/www.shsourcing.pe\/demo\/wp-json\/wp\/v2\/pages\/11\/revisions\/1662"}],"wp:attachment":[{"href":"http:\/\/www.shsourcing.pe\/demo\/wp-json\/wp\/v2\/media?parent=11"}],"curies":[{"name":"wp","href":"https:\/\/api.w.org\/{rel}","templated":true}]}}